{"id":19,"date":"2026-03-30T16:34:29","date_gmt":"2026-03-30T16:34:29","guid":{"rendered":"http:\/\/ibkeoxf.cluster121.hosting.ovh.net\/?page_id=19"},"modified":"2026-04-11T09:19:39","modified_gmt":"2026-04-11T09:19:39","slug":"accueil","status":"publish","type":"page","link":"https:\/\/www.cherche1job.fr\/index.php\/accueil\/","title":{"rendered":"Cherche1job \u2026 c\u2019est quoi ce projet ?"},"content":{"rendered":"\n<p id=\"block-6ee9571e-b9a5-4aeb-b368-1b617aae576c\">Il parait qu\u2019en France, on n&rsquo;a pas de p\u00e9trole mais on a des id\u00e9es. C\u2019est faux, puisque du p\u00e9trole il y en a \u00e0 deux pas de chez moi (<a href=\"https:\/\/www.musee-du-petrole.com\/historique\/\" target=\"_blank\" rel=\"noreferrer noopener\">plus d&rsquo;infos ici<\/a>). Mais ce n\u2019est pas de p\u00e9trole dont je veux vous parler &#8230;<\/p>\n\n\n\n<p id=\"block-6077a6e3-15d1-4e03-be0f-bc5aff7ac7de\">Ce site, qui ne postule pas pour le grand prix du design web, est fait pour vous pr\u00e9senter rapidement des coll\u00e8gues qui comme moi, vont perdre leur emploi prochainement et pour vous donner l\u2019opportunit\u00e9 de les contacter si vous avez une offre s\u00e9rieuse \u00e0 leur proposer.<\/p>\n\n\n\n<p id=\"block-10fc89a0-9d60-4d23-8bf8-32b9a619d927\">Pour les joindre, envoyez-leur un message \u00e0 l\u2019adresse correspondant \u00e0 leur pr\u00e9nom suivi de <a href=\"mailto:prenom@cherche1job.fr\">@cherche1job.fr<\/a><\/p>\n\n\n\n<p id=\"block-6c52fcad-cfa3-4459-ae9e-d7fd149b2bb5\">Merci \u00e0 tous.<\/p>\n\n\n\n<p id=\"block-bec1bf1d-986d-4f9e-8e3b-5b8600fde8b3\">Jean-Luc<\/p>\n\n\n\n<div class=\"wp-block-group alignwide has-global-padding is-layout-constrained wp-block-group-is-layout-constrained\">\n<div class=\"wp-block-columns alignwide is-layout-flex wp-container-core-columns-is-layout-28f84493 wp-block-columns-is-layout-flex\">\n<div class=\"wp-block-column is-layout-flow wp-block-column-is-layout-flow\">\n<h2 class=\"wp-block-heading\">Je suis JL<\/h2>\n<\/div>\n<\/div>\n\n\n\n<div class=\"wp-block-columns alignwide is-layout-flex wp-container-core-columns-is-layout-28f84493 wp-block-columns-is-layout-flex\">\n<div class=\"wp-block-column is-layout-flow wp-block-column-is-layout-flow\">\n<p>dui ftomi! Wurschtsalad elementum sit ch&rsquo;ai hopla lotto-owe tristique eget flammekueche condimentum m\u00e4nele libero. Morbi bredele aliquam kartoffelsalad r\u00e9chime Carola ullamcorper adipiscing Christkindelsm\u00e4rik geht&rsquo;s leverwurscht DNA, bissame non et hopla ante Huguette sagittis s&rsquo;guelt Heineken baeckeoffe sit ornare hopla mollis Oberschaeffolsheim libero, Chulien Gal. Strasbourg sed turpis, semper Yo&nbsp;d\u00fb. lacus Racing. leo id tchao&nbsp;bissame Oberschaeffolsheim gravida mamsell munster<\/p>\n<\/div>\n\n\n\n<div class=\"wp-block-column is-layout-flow wp-block-column-is-layout-flow\"><\/div>\n<\/div>\n<\/div>\n\n\n\n<div class=\"wp-block-group alignwide has-global-padding is-layout-constrained wp-block-group-is-layout-constrained\">\n<div class=\"wp-block-columns alignwide is-layout-flex wp-container-core-columns-is-layout-28f84493 wp-block-columns-is-layout-flex\">\n<div class=\"wp-block-column is-layout-flow wp-block-column-is-layout-flow\">\n<h2 class=\"wp-block-heading\">Je suis JL<\/h2>\n<\/div>\n<\/div>\n\n\n\n<div class=\"wp-block-columns alignwide is-layout-flex wp-container-core-columns-is-layout-28f84493 wp-block-columns-is-layout-flex\">\n<div class=\"wp-block-column is-layout-flow wp-block-column-is-layout-flow\"><\/div>\n\n\n\n<div class=\"wp-block-column is-layout-flow wp-block-column-is-layout-flow\">\n<p>dui ftomi! Wurschtsalad elementum sit ch&rsquo;ai hopla lotto-owe tristique eget flammekueche condimentum m\u00e4nele libero. Morbi bredele aliquam kartoffelsalad r\u00e9chime Carola ullamcorper adipiscing Christkindelsm\u00e4rik geht&rsquo;s leverwurscht DNA, bissame non et hopla ante Huguette sagittis s&rsquo;guelt Heineken baeckeoffe sit ornare hopla mollis Oberschaeffolsheim libero, Chulien Gal. Strasbourg sed turpis, semper Yo&nbsp;d\u00fb. lacus Racing. leo id tchao&nbsp;bissame Oberschaeffolsheim gravida mamsell munster<\/p>\n<\/div>\n<\/div>\n<\/div>\n\n\n\n\n\n\n\n\n\n\n\n\n\n\n\n\n\n\n\n\n\n\n\n\n\n<p><\/p>\n","protected":false},"excerpt":{"rendered":"<p>Il parait qu\u2019en France, on n&rsquo;a pas de p\u00e9trole mais on a des id\u00e9es. C\u2019est faux, puisque du p\u00e9trole il y en a \u00e0 deux pas de chez moi (plus d&rsquo;infos ici). Mais ce n\u2019est pas de p\u00e9trole dont je veux vous parler &#8230; Ce site, qui ne postule pas pour le grand prix du [&hellip;]<\/p>\n","protected":false},"author":1,"featured_media":0,"parent":0,"menu_order":0,"comment_status":"closed","ping_status":"closed","template":"","meta":{"footnotes":""},"class_list":["post-19","page","type-page","status-publish","hentry"],"_links":{"self":[{"href":"https:\/\/www.cherche1job.fr\/index.php\/wp-json\/wp\/v2\/pages\/19","targetHints":{"allow":["GET"]}}],"collection":[{"href":"https:\/\/www.cherche1job.fr\/index.php\/wp-json\/wp\/v2\/pages"}],"about":[{"href":"https:\/\/www.cherche1job.fr\/index.php\/wp-json\/wp\/v2\/types\/page"}],"author":[{"embeddable":true,"href":"https:\/\/www.cherche1job.fr\/index.php\/wp-json\/wp\/v2\/users\/1"}],"replies":[{"embeddable":true,"href":"https:\/\/www.cherche1job.fr\/index.php\/wp-json\/wp\/v2\/comments?post=19"}],"version-history":[{"count":6,"href":"https:\/\/www.cherche1job.fr\/index.php\/wp-json\/wp\/v2\/pages\/19\/revisions"}],"predecessor-version":[{"id":128,"href":"https:\/\/www.cherche1job.fr\/index.php\/wp-json\/wp\/v2\/pages\/19\/revisions\/128"}],"wp:attachment":[{"href":"https:\/\/www.cherche1job.fr\/index.php\/wp-json\/wp\/v2\/media?parent=19"}],"curies":[{"name":"wp","href":"https:\/\/api.w.org\/{rel}","templated":true}]}}